{"id":9231,"date":"2021-08-05T13:28:06","date_gmt":"2021-08-05T16:28:06","guid":{"rendered":"https:\/\/tegered.cl\/?page_id=9231"},"modified":"2025-07-13T09:26:48","modified_gmt":"2025-07-13T12:26:48","slug":"metodologia","status":"publish","type":"page","link":"https:\/\/tegered.cl\/index.php\/metodologia\/","title":{"rendered":"Metodolog\u00eda"},"content":{"rendered":"\t\t<div data-elementor-type=\"wp-page\" data-elementor-id=\"9231\" class=\"elementor elementor-9231\" data-elementor-settings=\"[]\">\n\t\t\t\t\t\t\t<div class=\"elementor-section-wrap\">\n\t\t\t\t\t\t\t<section class=\"elementor-section elementor-top-section elementor-element elementor-element-0f86c04 elementor-section-boxed elementor-section-height-default elementor-section-height-default wd-section-disabled\" data-id=\"0f86c04\" data-element_type=\"section\">\n\t\t\t\t\t\t<div class=\"elementor-container elementor-column-gap-default\">\n\t\t\t\t\t<div class=\"elementor-column elementor-col-100 elementor-top-column elementor-element elementor-element-67afb66\" data-id=\"67afb66\" data-element_type=\"column\">\n\t\t\t<div class=\"elementor-widget-wrap elementor-element-populated\">\n\t\t\t\t\t\t\t\t<div class=\"elementor-element elementor-element-56d57c7 elementor-widget elementor-widget-heading\" data-id=\"56d57c7\" data-element_type=\"widget\" data-widget_type=\"heading.default\">\n\t\t\t\t<div class=\"elementor-widget-container\">\n\t\t\t<h2 class=\"elementor-heading-title elementor-size-default\">Desarrollar y cultivar los intereses y fortalezas en lugar de enfatizar las dificultades es una prioridad importante.\n\n<\/h2>\t\t<\/div>\n\t\t\t\t<\/div>\n\t\t\t\t\t<\/div>\n\t\t<\/div>\n\t\t\t\t\t\t\t<\/div>\n\t\t<\/section>\n\t\t\t\t<section class=\"elementor-section elementor-top-section elementor-element elementor-element-d418d26 elementor-section-boxed elementor-section-height-default elementor-section-height-default wd-section-disabled\" data-id=\"d418d26\" data-element_type=\"section\">\n\t\t\t\t\t\t<div class=\"elementor-container elementor-column-gap-default\">\n\t\t\t\t\t<div class=\"elementor-column elementor-col-100 elementor-top-column elementor-element elementor-element-3c2ed4b\" data-id=\"3c2ed4b\" data-element_type=\"column\">\n\t\t\t<div class=\"elementor-widget-wrap elementor-element-populated\">\n\t\t\t\t\t\t\t\t<div class=\"elementor-element elementor-element-21fe719 elementor-widget-divider--view-line elementor-widget elementor-widget-divider\" data-id=\"21fe719\" data-element_type=\"widget\" data-widget_type=\"divider.default\">\n\t\t\t\t<div class=\"elementor-widget-container\">\n\t\t\t\t\t<div class=\"elementor-divider\">\n\t\t\t<span class=\"elementor-divider-separator\">\n\t\t\t\t\t\t<\/span>\n\t\t<\/div>\n\t\t\t\t<\/div>\n\t\t\t\t<\/div>\n\t\t\t\t\t<\/div>\n\t\t<\/div>\n\t\t\t\t\t\t\t<\/div>\n\t\t<\/section>\n\t\t\t\t<section class=\"elementor-section elementor-top-section elementor-element elementor-element-d4286e6 elementor-section-boxed elementor-section-height-default elementor-section-height-default wd-section-disabled\" data-id=\"d4286e6\" data-element_type=\"section\">\n\t\t\t\t\t\t<div class=\"elementor-container elementor-column-gap-default\">\n\t\t\t\t\t<div class=\"elementor-column elementor-col-100 elementor-top-column elementor-element elementor-element-5740c88\" data-id=\"5740c88\" data-element_type=\"column\">\n\t\t\t<div class=\"elementor-widget-wrap elementor-element-populated\">\n\t\t\t\t\t\t\t\t<div class=\"elementor-element elementor-element-cac46e9 elementor-widget elementor-widget-heading\" data-id=\"cac46e9\" data-element_type=\"widget\" data-widget_type=\"heading.default\">\n\t\t\t\t<div class=\"elementor-widget-container\">\n\t\t\t<h2 class=\"elementor-heading-title elementor-size-default\">Metodolog\u00eda<\/h2>\t\t<\/div>\n\t\t\t\t<\/div>\n\t\t\t\t<div class=\"elementor-element elementor-element-36b416f color-scheme-inherit text-left elementor-widget elementor-widget-text-editor\" data-id=\"36b416f\" data-element_type=\"widget\" data-widget_type=\"text-editor.default\">\n\t\t\t\t<div class=\"elementor-widget-container\">\n\t\t\t\t\t\t\t\t<p><span style=\"color: #000000;\">El m\u00e9todo TEACCH se basa\u00a0 en crear un ambiente de aprendizaje estructurado; organizar el espacio f\u00edsico, desarrollar horarios y sistemas de trabajo individuales, y materiales\u00a0 visualmente auto explicativos, permitiendo a las personas desarrollar su independencia. Para lograr este objetivo se requiere la comprensi\u00f3n de los s\u00edntomas y los estilos de aprendizaje individuales de las personas con trastornos del espectro autista.<\/span><\/p>\t\t\t\t\t\t<\/div>\n\t\t\t\t<\/div>\n\t\t\t\t\t<\/div>\n\t\t<\/div>\n\t\t\t\t\t\t\t<\/div>\n\t\t<\/section>\n\t\t\t\t<section class=\"elementor-section elementor-top-section elementor-element elementor-element-be90242 elementor-section-boxed elementor-section-height-default elementor-section-height-default wd-section-disabled\" data-id=\"be90242\" data-element_type=\"section\">\n\t\t\t\t\t\t<div class=\"elementor-container elementor-column-gap-extended\">\n\t\t\t\t\t<div class=\"elementor-column elementor-col-50 elementor-top-column elementor-element elementor-element-8bd6093\" data-id=\"8bd6093\" data-element_type=\"column\">\n\t\t\t<div class=\"elementor-widget-wrap elementor-element-populated\">\n\t\t\t\t\t\t\t\t<div class=\"elementor-element elementor-element-29a1be6 color-scheme-inherit text-left elementor-widget elementor-widget-text-editor\" data-id=\"29a1be6\" data-element_type=\"widget\" data-widget_type=\"text-editor.default\">\n\t\t\t\t<div class=\"elementor-widget-container\">\n\t\t\t\t\t\t\t\t<p class=\"font_8\"><span style=\"color: #000000;\">\u00a0Las metodolog\u00edas que utilizamos para desarrollar nuestro programa educativo, son las siguientes:<\/span><\/p><ul class=\"font_8\"><li><p class=\"font_8\"><span style=\"color: #000000;\">M\u00e9todo de aprendizaje a trav\u00e9s de la metodolog\u00eda TEACCH.<\/span><\/p><\/li><li><p class=\"font_8\"><span style=\"color: #000000;\">Desarrollo de habilidades acad\u00e9micas a trav\u00e9s del M\u00e9todo Global de lectura.<\/span><\/p><\/li><li><p class=\"font_8\"><span style=\"color: #000000;\">PEI: programa educativo individual para cada alumno.<\/span><\/p><\/li><li><p class=\"font_8\"><span style=\"color: #000000;\">An\u00e1lisis funcional de la conducta<\/span><\/p><\/li><li><p class=\"font_8\"><span style=\"color: #000000;\">Desarrollo de habilidades funcionales para la vida diaria, recreativas, vocacionales y en la comunidad.<\/span><\/p><\/li><li><p class=\"font_8\"><span style=\"color: #000000;\">Sistema de Comunicaci\u00f3n Aumentativa Alternativa.<\/span><\/p><\/li><li><p class=\"font_8\"><span style=\"color: #000000;\">Exploraci\u00f3n vocacional y talleres laborales.<\/span><\/p><\/li><li><p class=\"font_8\"><span style=\"color: #000000;\">Terapia de Integraci\u00f3n Sensorial, en sala especializada.<\/span><\/p><\/li><li><p class=\"font_8\"><span style=\"color: #000000;\">Computaci\u00f3n y pantallas interactivas<\/span><\/p><\/li><li><p class=\"font_8\"><span style=\"color: #000000;\">Educaci\u00f3n F\u00edsica adaptada\u00a0 a trav\u00e9s de actividades recreativas y deportivas<\/span><\/p><\/li><li><p class=\"font_8\"><span style=\"color: #000000;\">Apoyo y orientaci\u00f3n para la familia. Programa para padres y hermanos<\/span><\/p><\/li><li><p class=\"font_8\"><span style=\"color: #000000;\">Talleres de habilidades sociales.<\/span><\/p><\/li><li><p class=\"font_8\"><span style=\"color: #000000;\">Actividades\u00a0 extra program\u00e1ticas.<\/span><\/p><\/li><\/ul>\t\t\t\t\t\t<\/div>\n\t\t\t\t<\/div>\n\t\t\t\t\t<\/div>\n\t\t<\/div>\n\t\t\t\t<div class=\"elementor-column elementor-col-50 elementor-top-column elementor-element elementor-element-350f19b\" data-id=\"350f19b\" data-element_type=\"column\">\n\t\t\t<div class=\"elementor-widget-wrap elementor-element-populated\">\n\t\t\t\t\t\t\t\t<div class=\"elementor-element elementor-element-2553ad5 elementor-widget elementor-widget-image\" data-id=\"2553ad5\" data-element_type=\"widget\" data-widget_type=\"image.default\">\n\t\t\t\t<div class=\"elementor-widget-container\">\n\t\t\t\t\t\t\t\t\t\t\t\t\t\t\t<img loading=\"lazy\" decoding=\"async\" width=\"584\" height=\"438\" src=\"https:\/\/tegered.cl\/wp-content\/uploads\/2021\/09\/pasted-image-0.png\" class=\"attachment-large size-large\" alt=\"\" srcset=\"https:\/\/tegered.cl\/wp-content\/uploads\/2021\/09\/pasted-image-0.png 584w, https:\/\/tegered.cl\/wp-content\/uploads\/2021\/09\/pasted-image-0-300x225.png 300w\" sizes=\"auto, (max-width: 584px) 100vw, 584px\" \/>\t\t\t\t\t\t\t\t\t\t\t\t\t\t\t<\/div>\n\t\t\t\t<\/div>\n\t\t\t\t<div class=\"elementor-element elementor-element-bfd77e9 elementor-widget elementor-widget-image\" data-id=\"bfd77e9\" data-element_type=\"widget\" data-widget_type=\"image.default\">\n\t\t\t\t<div class=\"elementor-widget-container\">\n\t\t\t\t\t\t\t\t\t\t\t\t\t\t\t<img loading=\"lazy\" decoding=\"async\" width=\"1600\" height=\"1200\" src=\"https:\/\/tegered.cl\/wp-content\/uploads\/2021\/09\/2017-11-24-photo-00000010.jpg\" class=\"attachment-full size-full\" alt=\"\" srcset=\"https:\/\/tegered.cl\/wp-content\/uploads\/2021\/09\/2017-11-24-photo-00000010.jpg 1600w, https:\/\/tegered.cl\/wp-content\/uploads\/2021\/09\/2017-11-24-photo-00000010-300x225.jpg 300w, https:\/\/tegered.cl\/wp-content\/uploads\/2021\/09\/2017-11-24-photo-00000010-1024x768.jpg 1024w, https:\/\/tegered.cl\/wp-content\/uploads\/2021\/09\/2017-11-24-photo-00000010-768x576.jpg 768w, https:\/\/tegered.cl\/wp-content\/uploads\/2021\/09\/2017-11-24-photo-00000010-1536x1152.jpg 1536w, https:\/\/tegered.cl\/wp-content\/uploads\/2021\/09\/2017-11-24-photo-00000010-1200x900.jpg 1200w\" sizes=\"auto, (max-width: 1600px) 100vw, 1600px\" \/>\t\t\t\t\t\t\t\t\t\t\t\t\t\t\t<\/div>\n\t\t\t\t<\/div>\n\t\t\t\t\t<\/div>\n\t\t<\/div>\n\t\t\t\t\t\t\t<\/div>\n\t\t<\/section>\n\t\t\t\t\t\t<\/div>\n\t\t\t\t\t<\/div>\n\t\t","protected":false},"excerpt":{"rendered":"<p>Desarrollar y cultivar los intereses y fortalezas en lugar de enfatizar las dificultades es una prioridad importante. Metodolog\u00eda El m\u00e9todo<\/p>\n","protected":false},"author":1,"featured_media":0,"parent":0,"menu_order":0,"comment_status":"closed","ping_status":"closed","template":"","meta":{"footnotes":""},"class_list":["post-9231","page","type-page","status-publish","hentry"],"_links":{"self":[{"href":"https:\/\/tegered.cl\/index.php\/wp-json\/wp\/v2\/pages\/9231","targetHints":{"allow":["GET"]}}],"collection":[{"href":"https:\/\/tegered.cl\/index.php\/wp-json\/wp\/v2\/pages"}],"about":[{"href":"https:\/\/tegered.cl\/index.php\/wp-json\/wp\/v2\/types\/page"}],"author":[{"embeddable":true,"href":"https:\/\/tegered.cl\/index.php\/wp-json\/wp\/v2\/users\/1"}],"replies":[{"embeddable":true,"href":"https:\/\/tegered.cl\/index.php\/wp-json\/wp\/v2\/comments?post=9231"}],"version-history":[{"count":42,"href":"https:\/\/tegered.cl\/index.php\/wp-json\/wp\/v2\/pages\/9231\/revisions"}],"predecessor-version":[{"id":9587,"href":"https:\/\/tegered.cl\/index.php\/wp-json\/wp\/v2\/pages\/9231\/revisions\/9587"}],"wp:attachment":[{"href":"https:\/\/tegered.cl\/index.php\/wp-json\/wp\/v2\/media?parent=9231"}],"curies":[{"name":"wp","href":"https:\/\/api.w.org\/{rel}","templated":true}]}}